{"id":22,"date":"2017-02-28T11:36:57","date_gmt":"2017-02-28T11:36:57","guid":{"rendered":"https:\/\/scoalaioanbujor.wordpress.com\/?page_id=22"},"modified":"2022-04-21T18:04:01","modified_gmt":"2022-04-21T18:04:01","slug":"limba-si-comunicare","status":"publish","type":"page","link":"https:\/\/scoalaioanbujor.ro\/index.php\/limba-si-comunicare\/","title":{"rendered":"Informa\u021bii de interes public"},"content":{"rendered":"\n<div class=\"wp-block-file\"><a id=\"wp-block-file--media-8d0ee490-969d-43f8-82d9-777c6c4168d5\" href=\"https:\/\/scoalaioanbujor.ro\/wp-content\/uploads\/2021\/11\/Situatia-vaccinati-Scoala-Gimn.-I.Bujor-Petrestii-de-Jos-1.pptx\">Situatia-vaccinati-Scoala-Gimn.-I.Bujor-Petrestii-de-Jos-1<\/a><a href=\"https:\/\/scoalaioanbujor.ro\/wp-content\/uploads\/2021\/11\/Situatia-vaccinati-Scoala-Gimn.-I.Bujor-Petrestii-de-Jos-1.pptx\" class=\"wp-block-file__button\" download aria-describedby=\"wp-block-file--media-8d0ee490-969d-43f8-82d9-777c6c4168d5\">Descarc\u0103<\/a><\/div>\n\n\n\n<p> <\/p>\n\n\n\n<div data-wp-interactive=\"core\/file\" class=\"wp-block-file\"><object data-wp-bind--hidden=\"!state.hasPdfPreview\" hidden class=\"wp-block-file__embed\" data=\"https:\/\/scoalaioanbujor.ro\/wp-content\/uploads\/2022\/04\/S\u0326COALA-GIMNAZIALA\u0306-IOAN-BUJOR-POARTA\u0306-SPRE-LUMEA-CUNOAS\u0326TERII-4.pdf\" type=\"application\/pdf\" style=\"width:100%;height:600px\" aria-label=\"\u00cenglobare pentru \u00cenglobare pentru S\u0326COALA-GIMNAZIALA\u0306-IOAN-BUJOR-POARTA\u0306-SPRE-LUMEA-CUNOAS\u0326TERII..\"><\/object><a id=\"wp-block-file--media-bf9230d3-1cb2-4250-84f1-b34a50fa018d\" href=\"https:\/\/scoalaioanbujor.ro\/wp-content\/uploads\/2022\/04\/S\u0326COALA-GIMNAZIALA\u0306-IOAN-BUJOR-POARTA\u0306-SPRE-LUMEA-CUNOAS\u0326TERII-4.pdf\">S\u0326COALA-GIMNAZIALA\u0306-IOAN-BUJOR-POARTA\u0306-SPRE-LUMEA-CUNOAS\u0326TERII<\/a><a href=\"https:\/\/scoalaioanbujor.ro\/wp-content\/uploads\/2022\/04\/S\u0326COALA-GIMNAZIALA\u0306-IOAN-BUJOR-POARTA\u0306-SPRE-LUMEA-CUNOAS\u0326TERII-4.pdf\" class=\"wp-block-file__button\" download aria-describedby=\"wp-block-file--media-bf9230d3-1cb2-4250-84f1-b34a50fa018d\">Descarc\u0103<\/a><\/div>\n","protected":false},"excerpt":{"rendered":"","protected":false},"author":2,"featured_media":0,"parent":0,"menu_order":1,"comment_status":"closed","ping_status":"closed","template":"","meta":{"footnotes":""},"class_list":["post-22","page","type-page","status-publish","hentry"],"yoast_head":"<!-- This site is optimized with the Yoast SEO plugin v19.7.1 - https:\/\/yoast.com\/wordpress\/plugins\/seo\/ -->\r\n<title>Informa\u021bii de interes public - \u0218coala Gimnazial\u0103 &quot;Ioan Bujor&quot; Petre\u0219tii de Jos<\/title>\r\n<meta name=\"robots\" content=\"index, follow, max-snippet:-1, max-image-preview:large, max-video-preview:-1\" \/>\r\n<link rel=\"canonical\" href=\"https:\/\/scoalaioanbujor.ro\/index.php\/limba-si-comunicare\/\" \/>\r\n<meta property=\"og:locale\" content=\"ro_RO\" \/>\r\n<meta property=\"og:type\" content=\"article\" \/>\r\n<meta property=\"og:title\" content=\"Informa\u021bii de interes public - \u0218coala Gimnazial\u0103 &quot;Ioan Bujor&quot; Petre\u0219tii de Jos\" \/>\r\n<meta property=\"og:url\" content=\"https:\/\/scoalaioanbujor.ro\/index.php\/limba-si-comunicare\/\" \/>\r\n<meta property=\"og:site_name\" content=\"\u0218coala Gimnazial\u0103 &quot;Ioan Bujor&quot; Petre\u0219tii de Jos\" \/>\r\n<meta property=\"article:modified_time\" content=\"2022-04-21T18:04:01+00:00\" \/>\r\n<meta name=\"twitter:card\" content=\"summary_large_image\" \/>\r\n<meta name=\"twitter:label1\" content=\"Timp estimat pentru citire\" \/>\n\t<meta name=\"twitter:data1\" content=\"1 minut\" \/>\r\n<script type=\"application\/ld+json\" class=\"yoast-schema-graph\">{\"@context\":\"https:\/\/schema.org\",\"@graph\":[{\"@type\":\"WebPage\",\"@id\":\"https:\/\/scoalaioanbujor.ro\/index.php\/limba-si-comunicare\/\",\"url\":\"https:\/\/scoalaioanbujor.ro\/index.php\/limba-si-comunicare\/\",\"name\":\"Informa\u021bii de interes public - \u0218coala Gimnazial\u0103 &quot;Ioan Bujor&quot; Petre\u0219tii de Jos\",\"isPartOf\":{\"@id\":\"https:\/\/scoalaioanbujor.ro\/#website\"},\"datePublished\":\"2017-02-28T11:36:57+00:00\",\"dateModified\":\"2022-04-21T18:04:01+00:00\",\"breadcrumb\":{\"@id\":\"https:\/\/scoalaioanbujor.ro\/index.php\/limba-si-comunicare\/#breadcrumb\"},\"inLanguage\":\"ro-RO\",\"potentialAction\":[{\"@type\":\"ReadAction\",\"target\":[\"https:\/\/scoalaioanbujor.ro\/index.php\/limba-si-comunicare\/\"]}]},{\"@type\":\"BreadcrumbList\",\"@id\":\"https:\/\/scoalaioanbujor.ro\/index.php\/limba-si-comunicare\/#breadcrumb\",\"itemListElement\":[{\"@type\":\"ListItem\",\"position\":1,\"name\":\"Home\",\"item\":\"https:\/\/scoalaioanbujor.ro\/\"},{\"@type\":\"ListItem\",\"position\":2,\"name\":\"Informa\u021bii de interes public\"}]},{\"@type\":\"WebSite\",\"@id\":\"https:\/\/scoalaioanbujor.ro\/#website\",\"url\":\"https:\/\/scoalaioanbujor.ro\/\",\"name\":\"\u0218coala Gimnazial\u0103 &quot;Ioan Bujor&quot; Petre\u0219tii de Jos\",\"description\":\"   \u201eDAC\u0102 AI IMPRESIA C\u0102 EDUCA\u021aIA E SCUMP\u0102, ATUNCI \u00ceNCEARC\u0102 S\u0102 VEZI CUM E IGNORAN\u021aA!\u201d ANDY MCINTYRE\",\"potentialAction\":[{\"@type\":\"SearchAction\",\"target\":{\"@type\":\"EntryPoint\",\"urlTemplate\":\"https:\/\/scoalaioanbujor.ro\/?s={search_term_string}\"},\"query-input\":\"required name=search_term_string\"}],\"inLanguage\":\"ro-RO\"}]}<\/script>\r\n<!-- \/ Yoast SEO plugin. -->","yoast_head_json":{"title":"Informa\u021bii de interes public - \u0218coala Gimnazial\u0103 &quot;Ioan Bujor&quot; Petre\u0219tii de Jos","robots":{"index":"index","follow":"follow","max-snippet":"max-snippet:-1","max-image-preview":"max-image-preview:large","max-video-preview":"max-video-preview:-1"},"canonical":"https:\/\/scoalaioanbujor.ro\/index.php\/limba-si-comunicare\/","og_locale":"ro_RO","og_type":"article","og_title":"Informa\u021bii de interes public - \u0218coala Gimnazial\u0103 &quot;Ioan Bujor&quot; Petre\u0219tii de Jos","og_url":"https:\/\/scoalaioanbujor.ro\/index.php\/limba-si-comunicare\/","og_site_name":"\u0218coala Gimnazial\u0103 &quot;Ioan Bujor&quot; Petre\u0219tii de Jos","article_modified_time":"2022-04-21T18:04:01+00:00","twitter_card":"summary_large_image","twitter_misc":{"Timp estimat pentru citire":"1 minut"},"schema":{"@context":"https:\/\/schema.org","@graph":[{"@type":"WebPage","@id":"https:\/\/scoalaioanbujor.ro\/index.php\/limba-si-comunicare\/","url":"https:\/\/scoalaioanbujor.ro\/index.php\/limba-si-comunicare\/","name":"Informa\u021bii de interes public - \u0218coala Gimnazial\u0103 &quot;Ioan Bujor&quot; Petre\u0219tii de Jos","isPartOf":{"@id":"https:\/\/scoalaioanbujor.ro\/#website"},"datePublished":"2017-02-28T11:36:57+00:00","dateModified":"2022-04-21T18:04:01+00:00","breadcrumb":{"@id":"https:\/\/scoalaioanbujor.ro\/index.php\/limba-si-comunicare\/#breadcrumb"},"inLanguage":"ro-RO","potentialAction":[{"@type":"ReadAction","target":["https:\/\/scoalaioanbujor.ro\/index.php\/limba-si-comunicare\/"]}]},{"@type":"BreadcrumbList","@id":"https:\/\/scoalaioanbujor.ro\/index.php\/limba-si-comunicare\/#breadcrumb","itemListElement":[{"@type":"ListItem","position":1,"name":"Home","item":"https:\/\/scoalaioanbujor.ro\/"},{"@type":"ListItem","position":2,"name":"Informa\u021bii de interes public"}]},{"@type":"WebSite","@id":"https:\/\/scoalaioanbujor.ro\/#website","url":"https:\/\/scoalaioanbujor.ro\/","name":"\u0218coala Gimnazial\u0103 &quot;Ioan Bujor&quot; Petre\u0219tii de Jos","description":"   \u201eDAC\u0102 AI IMPRESIA C\u0102 EDUCA\u021aIA E SCUMP\u0102, ATUNCI \u00ceNCEARC\u0102 S\u0102 VEZI CUM E IGNORAN\u021aA!\u201d ANDY MCINTYRE","potentialAction":[{"@type":"SearchAction","target":{"@type":"EntryPoint","urlTemplate":"https:\/\/scoalaioanbujor.ro\/?s={search_term_string}"},"query-input":"required name=search_term_string"}],"inLanguage":"ro-RO"}]}},"_links":{"self":[{"href":"https:\/\/scoalaioanbujor.ro\/index.php\/wp-json\/wp\/v2\/pages\/22","targetHints":{"allow":["GET"]}}],"collection":[{"href":"https:\/\/scoalaioanbujor.ro\/index.php\/wp-json\/wp\/v2\/pages"}],"about":[{"href":"https:\/\/scoalaioanbujor.ro\/index.php\/wp-json\/wp\/v2\/types\/page"}],"author":[{"embeddable":true,"href":"https:\/\/scoalaioanbujor.ro\/index.php\/wp-json\/wp\/v2\/users\/2"}],"replies":[{"embeddable":true,"href":"https:\/\/scoalaioanbujor.ro\/index.php\/wp-json\/wp\/v2\/comments?post=22"}],"version-history":[{"count":15,"href":"https:\/\/scoalaioanbujor.ro\/index.php\/wp-json\/wp\/v2\/pages\/22\/revisions"}],"predecessor-version":[{"id":210,"href":"https:\/\/scoalaioanbujor.ro\/index.php\/wp-json\/wp\/v2\/pages\/22\/revisions\/210"}],"wp:attachment":[{"href":"https:\/\/scoalaioanbujor.ro\/index.php\/wp-json\/wp\/v2\/media?parent=22"}],"curies":[{"name":"wp","href":"https:\/\/api.w.org\/{rel}","templated":true}]}}