{"id":30,"date":"2017-02-28T11:44:54","date_gmt":"2017-02-28T11:44:54","guid":{"rendered":"https:\/\/scoalaioanbujor.wordpress.com\/?page_id=30"},"modified":"2017-02-28T11:44:54","modified_gmt":"2017-02-28T11:44:54","slug":"olimpiadele-kaufland","status":"publish","type":"page","link":"https:\/\/scoalaioanbujor.ro\/index.php\/olimpiadele-kaufland\/","title":{"rendered":"Olimpiadele Kaufland"},"content":{"rendered":"<p>https:\/\/www.turdanews.net\/articole\/invatamant\/40246-scoli-fruntase-in-olimpiada-responsabilitatii-organizata-de-kaufland.html&lt;img <div id='gallery-1' class='gallery galleryid-30 gallery-columns-3 gallery-size-medium'><figure class='gallery-item'>\n\t\t\t<div class='gallery-icon landscape'>\n\t\t\t\t<a href='https:\/\/scoalaioanbujor.ro\/cropped-stairs-lights-abstract-bubbles1-jpg\/'><img loading=\"lazy\" decoding=\"async\" width=\"300\" height=\"300\" src=\"https:\/\/scoalaioanbujor.ro\/wp-content\/uploads\/2017\/02\/cropped-stairs-lights-abstract-bubbles1-300x300.jpg\" class=\"attachment-medium size-medium\" alt=\"\" srcset=\"https:\/\/scoalaioanbujor.ro\/wp-content\/uploads\/2017\/02\/cropped-stairs-lights-abstract-bubbles1-300x300.jpg 300w, https:\/\/scoalaioanbujor.ro\/wp-content\/uploads\/2017\/02\/cropped-stairs-lights-abstract-bubbles1-150x150.jpg 150w, https:\/\/scoalaioanbujor.ro\/wp-content\/uploads\/2017\/02\/cropped-stairs-lights-abstract-bubbles1.jpg 512w\" sizes=\"auto, (max-width: 300px) 100vw, 300px\" \/><\/a>\n\t\t\t<\/div><\/figure>\n\t\t<\/div>\n<img loading=\"lazy\" decoding=\"async\" src=\"https:\/\/scoalaioanbujor.ro\/wp-content\/uploads\/2018\/10\/olipiade-kaufland.jpg\" alt=\"olipiade-kaufland\" width=\"650\" height=\"300\" class=\"alignnone size-full wp-image-99\" srcset=\"https:\/\/scoalaioanbujor.ro\/wp-content\/uploads\/2018\/10\/olipiade-kaufland.jpg 650w, https:\/\/scoalaioanbujor.ro\/wp-content\/uploads\/2018\/10\/olipiade-kaufland-300x138.jpg 300w\" sizes=\"auto, (max-width: 650px) 100vw, 650px\" \/><\/p>\n","protected":false},"excerpt":{"rendered":"<p>https:\/\/www.turdanews.net\/articole\/invatamant\/40246-scoli-fruntase-in-olimpiada-responsabilitatii-organizata-de-kaufland.html&lt;img<\/p>\n","protected":false},"author":2,"featured_media":0,"parent":0,"menu_order":6,"comment_status":"closed","ping_status":"closed","template":"","meta":{"footnotes":""},"class_list":["post-30","page","type-page","status-publish","hentry"],"yoast_head":"<!-- This site is optimized with the Yoast SEO plugin v19.7.1 - https:\/\/yoast.com\/wordpress\/plugins\/seo\/ -->\r\n<title>Olimpiadele Kaufland - \u0218coala Gimnazial\u0103 &quot;Ioan Bujor&quot; Petre\u0219tii de Jos<\/title>\r\n<meta name=\"robots\" content=\"index, follow, max-snippet:-1, max-image-preview:large, max-video-preview:-1\" \/>\r\n<link rel=\"canonical\" href=\"https:\/\/scoalaioanbujor.ro\/index.php\/olimpiadele-kaufland\/\" \/>\r\n<meta property=\"og:locale\" content=\"ro_RO\" \/>\r\n<meta property=\"og:type\" content=\"article\" \/>\r\n<meta property=\"og:title\" content=\"Olimpiadele Kaufland - \u0218coala Gimnazial\u0103 &quot;Ioan Bujor&quot; Petre\u0219tii de Jos\" \/>\r\n<meta property=\"og:description\" content=\"https:\/\/www.turdanews.net\/articole\/invatamant\/40246-scoli-fruntase-in-olimpiada-responsabilitatii-organizata-de-kaufland.html&lt;img\" \/>\r\n<meta property=\"og:url\" content=\"https:\/\/scoalaioanbujor.ro\/index.php\/olimpiadele-kaufland\/\" \/>\r\n<meta property=\"og:site_name\" content=\"\u0218coala Gimnazial\u0103 &quot;Ioan Bujor&quot; Petre\u0219tii de Jos\" \/>\r\n<meta property=\"og:image\" content=\"https:\/\/scoalaioanbujor.ro\/wp-content\/uploads\/2017\/02\/cropped-stairs-lights-abstract-bubbles1-300x300.jpg\" \/>\r\n<meta name=\"twitter:card\" content=\"summary_large_image\" \/>\r\n<script type=\"application\/ld+json\" class=\"yoast-schema-graph\">{\"@context\":\"https:\/\/schema.org\",\"@graph\":[{\"@type\":\"WebPage\",\"@id\":\"https:\/\/scoalaioanbujor.ro\/index.php\/olimpiadele-kaufland\/\",\"url\":\"https:\/\/scoalaioanbujor.ro\/index.php\/olimpiadele-kaufland\/\",\"name\":\"Olimpiadele Kaufland - \u0218coala Gimnazial\u0103 &quot;Ioan Bujor&quot; Petre\u0219tii de Jos\",\"isPartOf\":{\"@id\":\"https:\/\/scoalaioanbujor.ro\/#website\"},\"datePublished\":\"2017-02-28T11:44:54+00:00\",\"dateModified\":\"2017-02-28T11:44:54+00:00\",\"breadcrumb\":{\"@id\":\"https:\/\/scoalaioanbujor.ro\/index.php\/olimpiadele-kaufland\/#breadcrumb\"},\"inLanguage\":\"ro-RO\",\"potentialAction\":[{\"@type\":\"ReadAction\",\"target\":[\"https:\/\/scoalaioanbujor.ro\/index.php\/olimpiadele-kaufland\/\"]}]},{\"@type\":\"BreadcrumbList\",\"@id\":\"https:\/\/scoalaioanbujor.ro\/index.php\/olimpiadele-kaufland\/#breadcrumb\",\"itemListElement\":[{\"@type\":\"ListItem\",\"position\":1,\"name\":\"Home\",\"item\":\"https:\/\/scoalaioanbujor.ro\/\"},{\"@type\":\"ListItem\",\"position\":2,\"name\":\"Olimpiadele Kaufland\"}]},{\"@type\":\"WebSite\",\"@id\":\"https:\/\/scoalaioanbujor.ro\/#website\",\"url\":\"https:\/\/scoalaioanbujor.ro\/\",\"name\":\"\u0218coala Gimnazial\u0103 &quot;Ioan Bujor&quot; Petre\u0219tii de Jos\",\"description\":\"   \u201eDAC\u0102 AI IMPRESIA C\u0102 EDUCA\u021aIA E SCUMP\u0102, ATUNCI \u00ceNCEARC\u0102 S\u0102 VEZI CUM E IGNORAN\u021aA!\u201d ANDY MCINTYRE\",\"potentialAction\":[{\"@type\":\"SearchAction\",\"target\":{\"@type\":\"EntryPoint\",\"urlTemplate\":\"https:\/\/scoalaioanbujor.ro\/?s={search_term_string}\"},\"query-input\":\"required name=search_term_string\"}],\"inLanguage\":\"ro-RO\"}]}<\/script>\r\n<!-- \/ Yoast SEO plugin. -->","yoast_head_json":{"title":"Olimpiadele Kaufland - \u0218coala Gimnazial\u0103 &quot;Ioan Bujor&quot; Petre\u0219tii de Jos","robots":{"index":"index","follow":"follow","max-snippet":"max-snippet:-1","max-image-preview":"max-image-preview:large","max-video-preview":"max-video-preview:-1"},"canonical":"https:\/\/scoalaioanbujor.ro\/index.php\/olimpiadele-kaufland\/","og_locale":"ro_RO","og_type":"article","og_title":"Olimpiadele Kaufland - \u0218coala Gimnazial\u0103 &quot;Ioan Bujor&quot; Petre\u0219tii de Jos","og_description":"https:\/\/www.turdanews.net\/articole\/invatamant\/40246-scoli-fruntase-in-olimpiada-responsabilitatii-organizata-de-kaufland.html&lt;img","og_url":"https:\/\/scoalaioanbujor.ro\/index.php\/olimpiadele-kaufland\/","og_site_name":"\u0218coala Gimnazial\u0103 &quot;Ioan Bujor&quot; Petre\u0219tii de Jos","og_image":[{"url":"https:\/\/scoalaioanbujor.ro\/wp-content\/uploads\/2017\/02\/cropped-stairs-lights-abstract-bubbles1-300x300.jpg"}],"twitter_card":"summary_large_image","schema":{"@context":"https:\/\/schema.org","@graph":[{"@type":"WebPage","@id":"https:\/\/scoalaioanbujor.ro\/index.php\/olimpiadele-kaufland\/","url":"https:\/\/scoalaioanbujor.ro\/index.php\/olimpiadele-kaufland\/","name":"Olimpiadele Kaufland - \u0218coala Gimnazial\u0103 &quot;Ioan Bujor&quot; Petre\u0219tii de Jos","isPartOf":{"@id":"https:\/\/scoalaioanbujor.ro\/#website"},"datePublished":"2017-02-28T11:44:54+00:00","dateModified":"2017-02-28T11:44:54+00:00","breadcrumb":{"@id":"https:\/\/scoalaioanbujor.ro\/index.php\/olimpiadele-kaufland\/#breadcrumb"},"inLanguage":"ro-RO","potentialAction":[{"@type":"ReadAction","target":["https:\/\/scoalaioanbujor.ro\/index.php\/olimpiadele-kaufland\/"]}]},{"@type":"BreadcrumbList","@id":"https:\/\/scoalaioanbujor.ro\/index.php\/olimpiadele-kaufland\/#breadcrumb","itemListElement":[{"@type":"ListItem","position":1,"name":"Home","item":"https:\/\/scoalaioanbujor.ro\/"},{"@type":"ListItem","position":2,"name":"Olimpiadele Kaufland"}]},{"@type":"WebSite","@id":"https:\/\/scoalaioanbujor.ro\/#website","url":"https:\/\/scoalaioanbujor.ro\/","name":"\u0218coala Gimnazial\u0103 &quot;Ioan Bujor&quot; Petre\u0219tii de Jos","description":"   \u201eDAC\u0102 AI IMPRESIA C\u0102 EDUCA\u021aIA E SCUMP\u0102, ATUNCI \u00ceNCEARC\u0102 S\u0102 VEZI CUM E IGNORAN\u021aA!\u201d ANDY MCINTYRE","potentialAction":[{"@type":"SearchAction","target":{"@type":"EntryPoint","urlTemplate":"https:\/\/scoalaioanbujor.ro\/?s={search_term_string}"},"query-input":"required name=search_term_string"}],"inLanguage":"ro-RO"}]}},"_links":{"self":[{"href":"https:\/\/scoalaioanbujor.ro\/index.php\/wp-json\/wp\/v2\/pages\/30","targetHints":{"allow":["GET"]}}],"collection":[{"href":"https:\/\/scoalaioanbujor.ro\/index.php\/wp-json\/wp\/v2\/pages"}],"about":[{"href":"https:\/\/scoalaioanbujor.ro\/index.php\/wp-json\/wp\/v2\/types\/page"}],"author":[{"embeddable":true,"href":"https:\/\/scoalaioanbujor.ro\/index.php\/wp-json\/wp\/v2\/users\/2"}],"replies":[{"embeddable":true,"href":"https:\/\/scoalaioanbujor.ro\/index.php\/wp-json\/wp\/v2\/comments?post=30"}],"version-history":[{"count":0,"href":"https:\/\/scoalaioanbujor.ro\/index.php\/wp-json\/wp\/v2\/pages\/30\/revisions"}],"wp:attachment":[{"href":"https:\/\/scoalaioanbujor.ro\/index.php\/wp-json\/wp\/v2\/media?parent=30"}],"curies":[{"name":"wp","href":"https:\/\/api.w.org\/{rel}","templated":true}]}}