{"id":68,"date":"2017-02-28T14:07:48","date_gmt":"2017-02-28T14:07:48","guid":{"rendered":"https:\/\/scoalaioanbujor.wordpress.com\/?page_id=68"},"modified":"2017-02-28T14:07:48","modified_gmt":"2017-02-28T14:07:48","slug":"examene","status":"publish","type":"page","link":"https:\/\/scoalaioanbujor.ro\/index.php\/clasa-a-viii-a\/examene\/","title":{"rendered":"Examene"},"content":{"rendered":"","protected":false},"excerpt":{"rendered":"","protected":false},"author":2,"featured_media":0,"parent":64,"menu_order":1,"comment_status":"closed","ping_status":"closed","template":"","meta":{"footnotes":""},"class_list":["post-68","page","type-page","status-publish","hentry"],"yoast_head":"<!-- This site is optimized with the Yoast SEO plugin v19.7.1 - https:\/\/yoast.com\/wordpress\/plugins\/seo\/ -->\r\n<title>Examene - \u0218coala Gimnazial\u0103 &quot;Ioan Bujor&quot; Petre\u0219tii de Jos<\/title>\r\n<meta name=\"robots\" content=\"index, follow, max-snippet:-1, max-image-preview:large, max-video-preview:-1\" \/>\r\n<link rel=\"canonical\" href=\"https:\/\/scoalaioanbujor.ro\/index.php\/clasa-a-viii-a\/examene\/\" \/>\r\n<meta property=\"og:locale\" content=\"ro_RO\" \/>\r\n<meta property=\"og:type\" content=\"article\" \/>\r\n<meta property=\"og:title\" content=\"Examene - \u0218coala Gimnazial\u0103 &quot;Ioan Bujor&quot; Petre\u0219tii de Jos\" \/>\r\n<meta property=\"og:url\" content=\"https:\/\/scoalaioanbujor.ro\/index.php\/clasa-a-viii-a\/examene\/\" \/>\r\n<meta property=\"og:site_name\" content=\"\u0218coala Gimnazial\u0103 &quot;Ioan Bujor&quot; Petre\u0219tii de Jos\" \/>\r\n<meta name=\"twitter:card\" content=\"summary_large_image\" \/>\r\n<script type=\"application\/ld+json\" class=\"yoast-schema-graph\">{\"@context\":\"https:\/\/schema.org\",\"@graph\":[{\"@type\":\"WebPage\",\"@id\":\"https:\/\/scoalaioanbujor.ro\/index.php\/clasa-a-viii-a\/examene\/\",\"url\":\"https:\/\/scoalaioanbujor.ro\/index.php\/clasa-a-viii-a\/examene\/\",\"name\":\"Examene - \u0218coala Gimnazial\u0103 &quot;Ioan Bujor&quot; Petre\u0219tii de Jos\",\"isPartOf\":{\"@id\":\"https:\/\/scoalaioanbujor.ro\/#website\"},\"datePublished\":\"2017-02-28T14:07:48+00:00\",\"dateModified\":\"2017-02-28T14:07:48+00:00\",\"breadcrumb\":{\"@id\":\"https:\/\/scoalaioanbujor.ro\/index.php\/clasa-a-viii-a\/examene\/#breadcrumb\"},\"inLanguage\":\"ro-RO\",\"potentialAction\":[{\"@type\":\"ReadAction\",\"target\":[\"https:\/\/scoalaioanbujor.ro\/index.php\/clasa-a-viii-a\/examene\/\"]}]},{\"@type\":\"BreadcrumbList\",\"@id\":\"https:\/\/scoalaioanbujor.ro\/index.php\/clasa-a-viii-a\/examene\/#breadcrumb\",\"itemListElement\":[{\"@type\":\"ListItem\",\"position\":1,\"name\":\"Home\",\"item\":\"https:\/\/scoalaioanbujor.ro\/\"},{\"@type\":\"ListItem\",\"position\":2,\"name\":\"Clasa a VIII-a\",\"item\":\"https:\/\/scoalaioanbujor.ro\/index.php\/clasa-a-viii-a\/\"},{\"@type\":\"ListItem\",\"position\":3,\"name\":\"Examene\"}]},{\"@type\":\"WebSite\",\"@id\":\"https:\/\/scoalaioanbujor.ro\/#website\",\"url\":\"https:\/\/scoalaioanbujor.ro\/\",\"name\":\"\u0218coala Gimnazial\u0103 &quot;Ioan Bujor&quot; Petre\u0219tii de Jos\",\"description\":\"   \u201eDAC\u0102 AI IMPRESIA C\u0102 EDUCA\u021aIA E SCUMP\u0102, ATUNCI \u00ceNCEARC\u0102 S\u0102 VEZI CUM E IGNORAN\u021aA!\u201d ANDY MCINTYRE\",\"potentialAction\":[{\"@type\":\"SearchAction\",\"target\":{\"@type\":\"EntryPoint\",\"urlTemplate\":\"https:\/\/scoalaioanbujor.ro\/?s={search_term_string}\"},\"query-input\":\"required name=search_term_string\"}],\"inLanguage\":\"ro-RO\"}]}<\/script>\r\n<!-- \/ Yoast SEO plugin. -->","yoast_head_json":{"title":"Examene - \u0218coala Gimnazial\u0103 &quot;Ioan Bujor&quot; Petre\u0219tii de Jos","robots":{"index":"index","follow":"follow","max-snippet":"max-snippet:-1","max-image-preview":"max-image-preview:large","max-video-preview":"max-video-preview:-1"},"canonical":"https:\/\/scoalaioanbujor.ro\/index.php\/clasa-a-viii-a\/examene\/","og_locale":"ro_RO","og_type":"article","og_title":"Examene - \u0218coala Gimnazial\u0103 &quot;Ioan Bujor&quot; Petre\u0219tii de Jos","og_url":"https:\/\/scoalaioanbujor.ro\/index.php\/clasa-a-viii-a\/examene\/","og_site_name":"\u0218coala Gimnazial\u0103 &quot;Ioan Bujor&quot; Petre\u0219tii de Jos","twitter_card":"summary_large_image","schema":{"@context":"https:\/\/schema.org","@graph":[{"@type":"WebPage","@id":"https:\/\/scoalaioanbujor.ro\/index.php\/clasa-a-viii-a\/examene\/","url":"https:\/\/scoalaioanbujor.ro\/index.php\/clasa-a-viii-a\/examene\/","name":"Examene - \u0218coala Gimnazial\u0103 &quot;Ioan Bujor&quot; Petre\u0219tii de Jos","isPartOf":{"@id":"https:\/\/scoalaioanbujor.ro\/#website"},"datePublished":"2017-02-28T14:07:48+00:00","dateModified":"2017-02-28T14:07:48+00:00","breadcrumb":{"@id":"https:\/\/scoalaioanbujor.ro\/index.php\/clasa-a-viii-a\/examene\/#breadcrumb"},"inLanguage":"ro-RO","potentialAction":[{"@type":"ReadAction","target":["https:\/\/scoalaioanbujor.ro\/index.php\/clasa-a-viii-a\/examene\/"]}]},{"@type":"BreadcrumbList","@id":"https:\/\/scoalaioanbujor.ro\/index.php\/clasa-a-viii-a\/examene\/#breadcrumb","itemListElement":[{"@type":"ListItem","position":1,"name":"Home","item":"https:\/\/scoalaioanbujor.ro\/"},{"@type":"ListItem","position":2,"name":"Clasa a VIII-a","item":"https:\/\/scoalaioanbujor.ro\/index.php\/clasa-a-viii-a\/"},{"@type":"ListItem","position":3,"name":"Examene"}]},{"@type":"WebSite","@id":"https:\/\/scoalaioanbujor.ro\/#website","url":"https:\/\/scoalaioanbujor.ro\/","name":"\u0218coala Gimnazial\u0103 &quot;Ioan Bujor&quot; Petre\u0219tii de Jos","description":"   \u201eDAC\u0102 AI IMPRESIA C\u0102 EDUCA\u021aIA E SCUMP\u0102, ATUNCI \u00ceNCEARC\u0102 S\u0102 VEZI CUM E IGNORAN\u021aA!\u201d ANDY MCINTYRE","potentialAction":[{"@type":"SearchAction","target":{"@type":"EntryPoint","urlTemplate":"https:\/\/scoalaioanbujor.ro\/?s={search_term_string}"},"query-input":"required name=search_term_string"}],"inLanguage":"ro-RO"}]}},"_links":{"self":[{"href":"https:\/\/scoalaioanbujor.ro\/index.php\/wp-json\/wp\/v2\/pages\/68","targetHints":{"allow":["GET"]}}],"collection":[{"href":"https:\/\/scoalaioanbujor.ro\/index.php\/wp-json\/wp\/v2\/pages"}],"about":[{"href":"https:\/\/scoalaioanbujor.ro\/index.php\/wp-json\/wp\/v2\/types\/page"}],"author":[{"embeddable":true,"href":"https:\/\/scoalaioanbujor.ro\/index.php\/wp-json\/wp\/v2\/users\/2"}],"replies":[{"embeddable":true,"href":"https:\/\/scoalaioanbujor.ro\/index.php\/wp-json\/wp\/v2\/comments?post=68"}],"version-history":[{"count":0,"href":"https:\/\/scoalaioanbujor.ro\/index.php\/wp-json\/wp\/v2\/pages\/68\/revisions"}],"up":[{"embeddable":true,"href":"https:\/\/scoalaioanbujor.ro\/index.php\/wp-json\/wp\/v2\/pages\/64"}],"wp:attachment":[{"href":"https:\/\/scoalaioanbujor.ro\/index.php\/wp-json\/wp\/v2\/media?parent=68"}],"curies":[{"name":"wp","href":"https:\/\/api.w.org\/{rel}","templated":true}]}}