{"id":9,"date":"2017-02-27T18:44:45","date_gmt":"2017-02-27T18:44:45","guid":{"rendered":"https:\/\/scoalaioanbujor.wordpress.com\/?page_id=3"},"modified":"2020-10-29T19:21:59","modified_gmt":"2020-10-29T19:21:59","slug":"contact","status":"publish","type":"page","link":"https:\/\/scoalaioanbujor.ro\/index.php\/contact\/","title":{"rendered":"Contact"},"content":{"rendered":"<p><span style=\"color: #800000;\">Comuna Petre\u0219tii de Jos <\/span><\/p>\n<p><span style=\"color: #800000;\">Str. Principal\u0103 nr. 149, jud. Cluj<\/span><\/p>\n<p><strong><em> <span style=\"color: #00ff00;\">Tel\/fax\u00a0 0264310256; <\/span><\/em><\/strong><\/p>\n<p><strong><em><span style=\"color: #00ff00;\">E-mail:<\/span> <a href=\"mailto:scoalapetresti@yahoo.com\">scoalapetresti@yahoo.com<\/a><\/em><\/strong><\/p>\n","protected":false},"excerpt":{"rendered":"<p>This is just a short excerpt for the contact&nbsp;page.<\/p>\n","protected":false},"author":2,"featured_media":18,"parent":0,"menu_order":5,"comment_status":"closed","ping_status":"closed","template":"","meta":{"footnotes":""},"class_list":["post-9","page","type-page","status-publish","has-post-thumbnail","hentry"],"yoast_head":"<!-- This site is optimized with the Yoast SEO plugin v19.7.1 - https:\/\/yoast.com\/wordpress\/plugins\/seo\/ -->\r\n<title>Contact - \u0218coala Gimnazial\u0103 &quot;Ioan Bujor&quot; Petre\u0219tii de Jos<\/title>\r\n<meta name=\"robots\" content=\"index, follow, max-snippet:-1, max-image-preview:large, max-video-preview:-1\" \/>\r\n<link rel=\"canonical\" href=\"https:\/\/scoalaioanbujor.ro\/index.php\/contact\/\" \/>\r\n<meta property=\"og:locale\" content=\"ro_RO\" \/>\r\n<meta property=\"og:type\" content=\"article\" \/>\r\n<meta property=\"og:title\" content=\"Contact - \u0218coala Gimnazial\u0103 &quot;Ioan Bujor&quot; Petre\u0219tii de Jos\" \/>\r\n<meta property=\"og:description\" content=\"This is just a short excerpt for the contact&nbsp;page.\" \/>\r\n<meta property=\"og:url\" content=\"https:\/\/scoalaioanbujor.ro\/index.php\/contact\/\" \/>\r\n<meta property=\"og:site_name\" content=\"\u0218coala Gimnazial\u0103 &quot;Ioan Bujor&quot; Petre\u0219tii de Jos\" \/>\r\n<meta property=\"article:modified_time\" content=\"2020-10-29T19:21:59+00:00\" \/>\r\n<meta property=\"og:image\" content=\"https:\/\/scoalaioanbujor.ro\/wp-content\/uploads\/2017\/02\/stairs-lights-abstract-bubbles1.jpg\" \/>\r\n\t<meta property=\"og:image:width\" content=\"1600\" \/>\r\n\t<meta property=\"og:image:height\" content=\"1067\" \/>\r\n\t<meta property=\"og:image:type\" content=\"image\/jpeg\" \/>\r\n<meta name=\"twitter:card\" content=\"summary_large_image\" \/>\r\n<script type=\"application\/ld+json\" class=\"yoast-schema-graph\">{\"@context\":\"https:\/\/schema.org\",\"@graph\":[{\"@type\":\"WebPage\",\"@id\":\"https:\/\/scoalaioanbujor.ro\/index.php\/contact\/\",\"url\":\"https:\/\/scoalaioanbujor.ro\/index.php\/contact\/\",\"name\":\"Contact - \u0218coala Gimnazial\u0103 &quot;Ioan Bujor&quot; Petre\u0219tii de Jos\",\"isPartOf\":{\"@id\":\"https:\/\/scoalaioanbujor.ro\/#website\"},\"datePublished\":\"2017-02-27T18:44:45+00:00\",\"dateModified\":\"2020-10-29T19:21:59+00:00\",\"breadcrumb\":{\"@id\":\"https:\/\/scoalaioanbujor.ro\/index.php\/contact\/#breadcrumb\"},\"inLanguage\":\"ro-RO\",\"potentialAction\":[{\"@type\":\"ReadAction\",\"target\":[\"https:\/\/scoalaioanbujor.ro\/index.php\/contact\/\"]}]},{\"@type\":\"BreadcrumbList\",\"@id\":\"https:\/\/scoalaioanbujor.ro\/index.php\/contact\/#breadcrumb\",\"itemListElement\":[{\"@type\":\"ListItem\",\"position\":1,\"name\":\"Home\",\"item\":\"https:\/\/scoalaioanbujor.ro\/\"},{\"@type\":\"ListItem\",\"position\":2,\"name\":\"Contact\"}]},{\"@type\":\"WebSite\",\"@id\":\"https:\/\/scoalaioanbujor.ro\/#website\",\"url\":\"https:\/\/scoalaioanbujor.ro\/\",\"name\":\"\u0218coala Gimnazial\u0103 &quot;Ioan Bujor&quot; Petre\u0219tii de Jos\",\"description\":\"   \u201eDAC\u0102 AI IMPRESIA C\u0102 EDUCA\u021aIA E SCUMP\u0102, ATUNCI \u00ceNCEARC\u0102 S\u0102 VEZI CUM E IGNORAN\u021aA!\u201d ANDY MCINTYRE\",\"potentialAction\":[{\"@type\":\"SearchAction\",\"target\":{\"@type\":\"EntryPoint\",\"urlTemplate\":\"https:\/\/scoalaioanbujor.ro\/?s={search_term_string}\"},\"query-input\":\"required name=search_term_string\"}],\"inLanguage\":\"ro-RO\"}]}<\/script>\r\n<!-- \/ Yoast SEO plugin. -->","yoast_head_json":{"title":"Contact - \u0218coala Gimnazial\u0103 &quot;Ioan Bujor&quot; Petre\u0219tii de Jos","robots":{"index":"index","follow":"follow","max-snippet":"max-snippet:-1","max-image-preview":"max-image-preview:large","max-video-preview":"max-video-preview:-1"},"canonical":"https:\/\/scoalaioanbujor.ro\/index.php\/contact\/","og_locale":"ro_RO","og_type":"article","og_title":"Contact - \u0218coala Gimnazial\u0103 &quot;Ioan Bujor&quot; Petre\u0219tii de Jos","og_description":"This is just a short excerpt for the contact&nbsp;page.","og_url":"https:\/\/scoalaioanbujor.ro\/index.php\/contact\/","og_site_name":"\u0218coala Gimnazial\u0103 &quot;Ioan Bujor&quot; Petre\u0219tii de Jos","article_modified_time":"2020-10-29T19:21:59+00:00","og_image":[{"width":1600,"height":1067,"url":"https:\/\/scoalaioanbujor.ro\/wp-content\/uploads\/2017\/02\/stairs-lights-abstract-bubbles1.jpg","type":"image\/jpeg"}],"twitter_card":"summary_large_image","schema":{"@context":"https:\/\/schema.org","@graph":[{"@type":"WebPage","@id":"https:\/\/scoalaioanbujor.ro\/index.php\/contact\/","url":"https:\/\/scoalaioanbujor.ro\/index.php\/contact\/","name":"Contact - \u0218coala Gimnazial\u0103 &quot;Ioan Bujor&quot; Petre\u0219tii de Jos","isPartOf":{"@id":"https:\/\/scoalaioanbujor.ro\/#website"},"datePublished":"2017-02-27T18:44:45+00:00","dateModified":"2020-10-29T19:21:59+00:00","breadcrumb":{"@id":"https:\/\/scoalaioanbujor.ro\/index.php\/contact\/#breadcrumb"},"inLanguage":"ro-RO","potentialAction":[{"@type":"ReadAction","target":["https:\/\/scoalaioanbujor.ro\/index.php\/contact\/"]}]},{"@type":"BreadcrumbList","@id":"https:\/\/scoalaioanbujor.ro\/index.php\/contact\/#breadcrumb","itemListElement":[{"@type":"ListItem","position":1,"name":"Home","item":"https:\/\/scoalaioanbujor.ro\/"},{"@type":"ListItem","position":2,"name":"Contact"}]},{"@type":"WebSite","@id":"https:\/\/scoalaioanbujor.ro\/#website","url":"https:\/\/scoalaioanbujor.ro\/","name":"\u0218coala Gimnazial\u0103 &quot;Ioan Bujor&quot; Petre\u0219tii de Jos","description":"   \u201eDAC\u0102 AI IMPRESIA C\u0102 EDUCA\u021aIA E SCUMP\u0102, ATUNCI \u00ceNCEARC\u0102 S\u0102 VEZI CUM E IGNORAN\u021aA!\u201d ANDY MCINTYRE","potentialAction":[{"@type":"SearchAction","target":{"@type":"EntryPoint","urlTemplate":"https:\/\/scoalaioanbujor.ro\/?s={search_term_string}"},"query-input":"required name=search_term_string"}],"inLanguage":"ro-RO"}]}},"_links":{"self":[{"href":"https:\/\/scoalaioanbujor.ro\/index.php\/wp-json\/wp\/v2\/pages\/9","targetHints":{"allow":["GET"]}}],"collection":[{"href":"https:\/\/scoalaioanbujor.ro\/index.php\/wp-json\/wp\/v2\/pages"}],"about":[{"href":"https:\/\/scoalaioanbujor.ro\/index.php\/wp-json\/wp\/v2\/types\/page"}],"author":[{"embeddable":true,"href":"https:\/\/scoalaioanbujor.ro\/index.php\/wp-json\/wp\/v2\/users\/2"}],"replies":[{"embeddable":true,"href":"https:\/\/scoalaioanbujor.ro\/index.php\/wp-json\/wp\/v2\/comments?post=9"}],"version-history":[{"count":4,"href":"https:\/\/scoalaioanbujor.ro\/index.php\/wp-json\/wp\/v2\/pages\/9\/revisions"}],"predecessor-version":[{"id":135,"href":"https:\/\/scoalaioanbujor.ro\/index.php\/wp-json\/wp\/v2\/pages\/9\/revisions\/135"}],"wp:featuredmedia":[{"embeddable":true,"href":"https:\/\/scoalaioanbujor.ro\/index.php\/wp-json\/wp\/v2\/media\/18"}],"wp:attachment":[{"href":"https:\/\/scoalaioanbujor.ro\/index.php\/wp-json\/wp\/v2\/media?parent=9"}],"curies":[{"name":"wp","href":"https:\/\/api.w.org\/{rel}","templated":true}]}}